{"id":10,"date":"2022-08-14T19:59:09","date_gmt":"2022-08-14T17:59:09","guid":{"rendered":"http:\/\/preprod.gym-vitalite.fr\/lucas\/?page_id=10"},"modified":"2022-08-26T14:57:00","modified_gmt":"2022-08-26T12:57:00","slug":"homepage","status":"publish","type":"page","link":"http:\/\/preprod.gym-vitalite.fr\/lucas\/","title":{"rendered":"Homepage"},"content":{"rendered":"\t\t<div data-elementor-type=\"wp-page\" data-elementor-id=\"10\" class=\"elementor elementor-10\">\n\t\t\t\t\t\t\t\t\t<section class=\"elementor-section elementor-top-section elementor-element elementor-element-a3891b7 elementor-section-full_width elementor-section-height-default elementor-section-height-default wpr-particle-no wpr-jarallax-no wpr-parallax-no wpr-sticky-section-no\" data-id=\"a3891b7\" data-element_type=\"section\">\n\t\t\t\t\t\t<div class=\"elementor-container elementor-column-gap-default\">\n\t\t\t\t\t<div class=\"elementor-column elementor-col-100 elementor-top-column elementor-element elementor-element-a1a2e59 slider-1\" data-id=\"a1a2e59\" data-element_type=\"column\">\n\t\t\t<div class=\"elementor-widget-wrap elementor-element-populated\">\n\t\t\t\t\t\t\t\t<div class=\"elementor-element elementor-element-716981c elementor-widget__width-initial wpr-promo-box-style-cover elementor-widget elementor-widget-wpr-promo-box\" data-id=\"716981c\" data-element_type=\"widget\" data-widget_type=\"wpr-promo-box.default\">\n\t\t\t\t<div class=\"elementor-widget-container\">\n\t\t\t\r\n\t\t<div class=\"wpr-promo-box wpr-animation-wrap\">\r\n\r\n\t\t\t\t\t\t\t\r\n\t\t\t\t\t\t\t<div class=\"wpr-promo-box-image\">\r\n\t\t\t\t\t<div class=\"wpr-promo-box-bg-image wpr-bg-anim-zoom-in wpr-anim-timing-ease-default\" style=\"background-image:url(http:\/\/preprod.gym-vitalite.fr\/lucas\/wp-content\/uploads\/2022\/08\/gabin-vallet-J154nEkpzlQ-unsplash-scaled.jpg);\"><\/div>\r\n\t\t\t\t\t<div class=\"wpr-promo-box-bg-overlay wpr-border-anim-oscar\"><\/div>\r\n\t\t\t\t<\/div>\r\n\t\t\t\t\t\t\r\n\t\t\t<div class=\"wpr-promo-box-content\">\r\n\r\n\t\t\t\t\t\t\t\t<div class=\"wpr-promo-box-icon\">\r\n\t\t\t\t\t\t\t\t\t<\/div>\r\n\t\t\t\t\r\n\t\t\t\t<h3 class=\"wpr-promo-box-title\"><span>Gym Vitalit\u00e9<\/span><\/h3>\r\n\t\t\t\t\t\t\t\t\t<div class=\"wpr-promo-box-description\">\r\n\t\t\t\t\t\t<p><p>D\u00e9couvrez les planning 2022-23<\/p><\/p>\t\r\n\t\t\t\t\t<\/div>\t\t\t\t\t\t\r\n\t\t\t\t\r\n\t\t\t\t\t\t\t\t\t<div class=\"wpr-promo-box-btn-wrap\">\r\n\t\t\t\t\t\t<a class=\"wpr-promo-box-btn\" href=\"http:\/\/preprod.gym-vitalite.fr\/lucas\/index.php\/planning-2\/\">\r\n\r\n\t\t\t\t\t\t\t\t\t\t\t\t\t\t<span class=\"wpr-promo-box-btn-text\">D\u00e9couvrir<\/span>\t\t\r\n\t\t\t\t\t\t\t\r\n\t\t\t\t\t\t\t\t\t\t\t\t\t<\/a>\r\n\t\t\t\t\t<\/div>\t\r\n\t\t\t\t\t\t\t<\/div>\r\n\r\n\t\t\t\t\t<\/div>\r\n\r\n\t\t\t\t<\/div>\n\t\t\t\t<\/div>\n\t\t\t\t\t<\/div>\n\t\t<\/div>\n\t\t\t\t\t\t\t<\/div>\n\t\t<\/section>\n\t\t\t\t<section class=\"elementor-section elementor-top-section elementor-element elementor-element-c77011e elementor-section-boxed elementor-section-height-default elementor-section-height-default wpr-particle-no wpr-jarallax-no wpr-parallax-no wpr-sticky-section-no\" data-id=\"c77011e\" data-element_type=\"section\">\n\t\t\t\t\t\t<div class=\"elementor-container elementor-column-gap-default\">\n\t\t\t\t\t<div class=\"elementor-column elementor-col-100 elementor-top-column elementor-element elementor-element-2af9ffe\" data-id=\"2af9ffe\" data-element_type=\"column\">\n\t\t\t<div class=\"elementor-widget-wrap elementor-element-populated\">\n\t\t\t\t\t\t\t\t<div class=\"elementor-element elementor-element-2ac26c1 elementor-widget elementor-widget-spacer\" data-id=\"2ac26c1\" data-element_type=\"widget\" data-widget_type=\"spacer.default\">\n\t\t\t\t<div class=\"elementor-widget-container\">\n\t\t\t<style>\/*! elementor - v3.7.2 - 21-08-2022 *\/\n.elementor-column .elementor-spacer-inner{height:var(--spacer-size)}.e-container{--container-widget-width:100%}.e-container>.elementor-widget-spacer{width:var(--container-widget-width,var(--spacer-size));-ms-flex-item-align:stretch;align-self:stretch;-ms-flex-negative:0;flex-shrink:0}.e-container>.elementor-widget-spacer>.elementor-widget-container,.e-container>.elementor-widget-spacer>.elementor-widget-container>.elementor-spacer{height:100%}.e-container>.elementor-widget-spacer>.elementor-widget-container>.elementor-spacer>.elementor-spacer-inner{height:var(--container-widget-height,var(--spacer-size))}<\/style>\t\t<div class=\"elementor-spacer\">\n\t\t\t<div class=\"elementor-spacer-inner\"><\/div>\n\t\t<\/div>\n\t\t\t\t<\/div>\n\t\t\t\t<\/div>\n\t\t\t\t\t<\/div>\n\t\t<\/div>\n\t\t\t\t\t\t\t<\/div>\n\t\t<\/section>\n\t\t\t\t<section class=\"elementor-section elementor-top-section elementor-element elementor-element-dbf525f elementor-section-boxed elementor-section-height-default elementor-section-height-default wpr-particle-no wpr-jarallax-no wpr-parallax-no wpr-sticky-section-no\" data-id=\"dbf525f\" data-element_type=\"section\">\n\t\t\t\t\t\t<div class=\"elementor-container elementor-column-gap-default\">\n\t\t\t\t\t<div class=\"elementor-column elementor-col-100 elementor-top-column elementor-element elementor-element-c8764de\" data-id=\"c8764de\" data-element_type=\"column\">\n\t\t\t<div class=\"elementor-widget-wrap elementor-element-populated\">\n\t\t\t\t\t\t\t\t<div class=\"elementor-element elementor-element-8166c76 elementor-widget elementor-widget-heading\" data-id=\"8166c76\" data-element_type=\"widget\" data-widget_type=\"heading.default\">\n\t\t\t\t<div class=\"elementor-widget-container\">\n\t\t\t<style>\/*! elementor - v3.7.2 - 21-08-2022 *\/\n.elementor-heading-title{padding:0;margin:0;line-height:1}.elementor-widget-heading .elementor-heading-title[class*=elementor-size-]>a{color:inherit;font-size:inherit;line-height:inherit}.elementor-widget-heading .elementor-heading-title.elementor-size-small{font-size:15px}.elementor-widget-heading .elementor-heading-title.elementor-size-medium{font-size:19px}.elementor-widget-heading .elementor-heading-title.elementor-size-large{font-size:29px}.elementor-widget-heading .elementor-heading-title.elementor-size-xl{font-size:39px}.elementor-widget-heading .elementor-heading-title.elementor-size-xxl{font-size:59px}<\/style><h2 class=\"elementor-heading-title elementor-size-default\">Pr\u00e9sentation de l'association<\/h2>\t\t<\/div>\n\t\t\t\t<\/div>\n\t\t\t\t\t<\/div>\n\t\t<\/div>\n\t\t\t\t\t\t\t<\/div>\n\t\t<\/section>\n\t\t\t\t<section class=\"elementor-section elementor-top-section elementor-element elementor-element-8291b3d elementor-section-boxed elementor-section-height-default elementor-section-height-default wpr-particle-no wpr-jarallax-no wpr-parallax-no wpr-sticky-section-no\" data-id=\"8291b3d\" data-element_type=\"section\">\n\t\t\t\t\t\t<div class=\"elementor-container elementor-column-gap-default\">\n\t\t\t\t\t<div class=\"elementor-column elementor-col-100 elementor-top-column elementor-element elementor-element-2527671\" data-id=\"2527671\" data-element_type=\"column\">\n\t\t\t<div class=\"elementor-widget-wrap elementor-element-populated\">\n\t\t\t\t\t\t\t\t<div class=\"elementor-element elementor-element-93dcd87 elementor-widget-divider--view-line elementor-widget elementor-widget-divider\" data-id=\"93dcd87\" data-element_type=\"widget\" data-widget_type=\"divider.default\">\n\t\t\t\t<div class=\"elementor-widget-container\">\n\t\t\t<style>\/*! elementor - v3.7.2 - 21-08-2022 *\/\n.elementor-widget-divider{--divider-border-style:none;--divider-border-width:1px;--divider-color:#2c2c2c;--divider-icon-size:20px;--divider-element-spacing:10px;--divider-pattern-height:24px;--divider-pattern-size:20px;--divider-pattern-url:none;--divider-pattern-repeat:repeat-x}.elementor-widget-divider .elementor-divider{display:-webkit-box;display:-ms-flexbox;display:flex}.elementor-widget-divider .elementor-divider__text{font-size:15px;line-height:1;max-width:95%}.elementor-widget-divider .elementor-divider__element{margin:0 var(--divider-element-spacing);-ms-flex-negative:0;flex-shrink:0}.elementor-widget-divider .elementor-icon{font-size:var(--divider-icon-size)}.elementor-widget-divider .elementor-divider-separator{display:-webkit-box;display:-ms-flexbox;display:flex;margin:0;direction:ltr}.elementor-widget-divider--view-line_icon .elementor-divider-separator,.elementor-widget-divider--view-line_text .elementor-divider-separator{-webkit-box-align:center;-ms-flex-align:center;align-items:center}.elementor-widget-divider--view-line_icon .elementor-divider-separator:after,.elementor-widget-divider--view-line_icon .elementor-divider-separator:before,.elementor-widget-divider--view-line_text .elementor-divider-separator:after,.elementor-widget-divider--view-line_text .elementor-divider-separator:before{display:block;content:\"\";border-bottom:0;-webkit-box-flex:1;-ms-flex-positive:1;flex-grow:1;border-top:var(--divider-border-width) var(--divider-border-style) var(--divider-color)}.elementor-widget-divider--element-align-left .elementor-divider .elementor-divider-separator>.elementor-divider__svg:first-of-type{-webkit-box-flex:0;-ms-flex-positive:0;flex-grow:0;-ms-flex-negative:100;flex-shrink:100}.elementor-widget-divider--element-align-left .elementor-divider-separator:before{content:none}.elementor-widget-divider--element-align-left .elementor-divider__element{margin-left:0}.elementor-widget-divider--element-align-right .elementor-divider .elementor-divider-separator>.elementor-divider__svg:last-of-type{-webkit-box-flex:0;-ms-flex-positive:0;flex-grow:0;-ms-flex-negative:100;flex-shrink:100}.elementor-widget-divider--element-align-right .elementor-divider-separator:after{content:none}.elementor-widget-divider--element-align-right .elementor-divider__element{margin-right:0}.elementor-widget-divider:not(.elementor-widget-divider--view-line_text):not(.elementor-widget-divider--view-line_icon) .elementor-divider-separator{border-top:var(--divider-border-width) var(--divider-border-style) var(--divider-color)}.elementor-widget-divider--separator-type-pattern{--divider-border-style:none}.elementor-widget-divider--separator-type-pattern.elementor-widget-divider--view-line .elementor-divider-separator,.elementor-widget-divider--separator-type-pattern:not(.elementor-widget-divider--view-line) .elementor-divider-separator:after,.elementor-widget-divider--separator-type-pattern:not(.elementor-widget-divider--view-line) .elementor-divider-separator:before,.elementor-widget-divider--separator-type-pattern:not([class*=elementor-widget-divider--view]) .elementor-divider-separator{width:100%;min-height:var(--divider-pattern-height);-webkit-mask-size:var(--divider-pattern-size) 100%;mask-size:var(--divider-pattern-size) 100%;-webkit-mask-repeat:var(--divider-pattern-repeat);mask-repeat:var(--divider-pattern-repeat);background-color:var(--divider-color);-webkit-mask-image:var(--divider-pattern-url);mask-image:var(--divider-pattern-url)}.elementor-widget-divider--no-spacing{--divider-pattern-size:auto}.elementor-widget-divider--bg-round{--divider-pattern-repeat:round}.rtl .elementor-widget-divider .elementor-divider__text{direction:rtl}.e-container>.elementor-widget-divider{width:var(--container-widget-width,100%);--flex-grow:var(--container-widget-flex-grow,0)}<\/style>\t\t<div class=\"elementor-divider\">\n\t\t\t<span class=\"elementor-divider-separator\">\n\t\t\t\t\t\t<\/span>\n\t\t<\/div>\n\t\t\t\t<\/div>\n\t\t\t\t<\/div>\n\t\t\t\t\t<\/div>\n\t\t<\/div>\n\t\t\t\t\t\t\t<\/div>\n\t\t<\/section>\n\t\t\t\t<section class=\"elementor-section elementor-top-section elementor-element elementor-element-b6c83fd elementor-section-boxed elementor-section-height-default elementor-section-height-default wpr-particle-no wpr-jarallax-no wpr-parallax-no wpr-sticky-section-no\" data-id=\"b6c83fd\" data-element_type=\"section\">\n\t\t\t\t\t\t<div class=\"elementor-container elementor-column-gap-default\">\n\t\t\t\t\t<div class=\"elementor-column elementor-col-100 elementor-top-column elementor-element elementor-element-ab01658\" data-id=\"ab01658\" data-element_type=\"column\">\n\t\t\t<div class=\"elementor-widget-wrap elementor-element-populated\">\n\t\t\t\t\t\t\t\t<div class=\"elementor-element elementor-element-8978bba elementor-widget elementor-widget-text-editor\" data-id=\"8978bba\" data-element_type=\"widget\" data-widget_type=\"text-editor.default\">\n\t\t\t\t<div class=\"elementor-widget-container\">\n\t\t\t<style>\/*! elementor - v3.7.2 - 21-08-2022 *\/\n.elementor-widget-text-editor.elementor-drop-cap-view-stacked .elementor-drop-cap{background-color:#818a91;color:#fff}.elementor-widget-text-editor.elementor-drop-cap-view-framed .elementor-drop-cap{color:#818a91;border:3px solid;background-color:transparent}.elementor-widget-text-editor:not(.elementor-drop-cap-view-default) .elementor-drop-cap{margin-top:8px}.elementor-widget-text-editor:not(.elementor-drop-cap-view-default) .elementor-drop-cap-letter{width:1em;height:1em}.elementor-widget-text-editor .elementor-drop-cap{float:left;text-align:center;line-height:1;font-size:50px}.elementor-widget-text-editor .elementor-drop-cap-letter{display:inline-block}<\/style>\t\t\t\t<p><strong>L&rsquo; Association Gym&rsquo;Vitalit\u00e9 du Perreux sur Marne<\/strong> a f\u00eat\u00e9 ses 48 ans. Elle est affili\u00e9e \u00e0 la F\u00e9d\u00e9ration Fran\u00e7aise d&rsquo;Education Physique et de Gymnastique Volontaire.<\/p><p>Le bureau est situ\u00e9 au 34 Georges Cl\u00e9menceau &#8211; 94170 Le Perreux Sur Marne &#8211; t\u00e9l\u00e9phone 07 71 71 09 01<\/p><p>Vous pouvez nous contacter par courriel \u00e0 : gym.vitalit\u00e9@hotmail.fr<\/p><p>Fond\u00e9e en 1973, elle acceuille aujourd&rsquo;hui plus de 500 adh\u00e9rents, de 9 mois \u00e0 plus de 80 ans, r\u00e9partis dans les activit\u00e9s suivantes :<\/p><ul><li>Gym C\u00e2line de 9 mois \u00e0 3 ans<\/li><li>Gym Enfant de 3 ans \u00e0 6 ans<\/li><li>Gym Douce<\/li><li>Gym Holistique<\/li><li>Gym Forme<\/li><li>Gym Tonique<\/li><li>Pil\u00e2tes<\/li><li>Yoga<\/li><li>Renforcement musculaire<\/li><li>Marche nordique<\/li><li>Natation<\/li><\/ul>\t\t\t\t\t\t<\/div>\n\t\t\t\t<\/div>\n\t\t\t\t\t<\/div>\n\t\t<\/div>\n\t\t\t\t\t\t\t<\/div>\n\t\t<\/section>\n\t\t\t\t<section class=\"elementor-section elementor-top-section elementor-element elementor-element-1e1dd97 elementor-section-boxed elementor-section-height-default elementor-section-height-default wpr-particle-no wpr-jarallax-no wpr-parallax-no wpr-sticky-section-no\" data-id=\"1e1dd97\" data-element_type=\"section\">\n\t\t\t\t\t\t<div class=\"elementor-container elementor-column-gap-default\">\n\t\t\t\t\t<div class=\"elementor-column elementor-col-100 elementor-top-column elementor-element elementor-element-29dbcb4\" data-id=\"29dbcb4\" data-element_type=\"column\">\n\t\t\t<div class=\"elementor-widget-wrap elementor-element-populated\">\n\t\t\t\t\t\t\t\t<div class=\"elementor-element elementor-element-eca25aa elementor-widget elementor-widget-spacer\" data-id=\"eca25aa\" data-element_type=\"widget\" data-widget_type=\"spacer.default\">\n\t\t\t\t<div class=\"elementor-widget-container\">\n\t\t\t\t\t<div class=\"elementor-spacer\">\n\t\t\t<div class=\"elementor-spacer-inner\"><\/div>\n\t\t<\/div>\n\t\t\t\t<\/div>\n\t\t\t\t<\/div>\n\t\t\t\t\t<\/div>\n\t\t<\/div>\n\t\t\t\t\t\t\t<\/div>\n\t\t<\/section>\n\t\t\t\t<section class=\"elementor-section elementor-top-section elementor-element elementor-element-e91e2bb elementor-section-boxed elementor-section-height-default elementor-section-height-default wpr-particle-no wpr-jarallax-no wpr-parallax-no wpr-sticky-section-no\" data-id=\"e91e2bb\" data-element_type=\"section\">\n\t\t\t\t\t\t<div class=\"elementor-container elementor-column-gap-default\">\n\t\t\t\t\t<div class=\"elementor-column elementor-col-33 elementor-top-column elementor-element elementor-element-256a434\" data-id=\"256a434\" data-element_type=\"column\">\n\t\t\t<div class=\"elementor-widget-wrap elementor-element-populated\">\n\t\t\t\t\t\t\t\t<div class=\"elementor-element elementor-element-efafe05 wpr-promo-box-style-cover elementor-widget elementor-widget-wpr-promo-box\" data-id=\"efafe05\" data-element_type=\"widget\" data-widget_type=\"wpr-promo-box.default\">\n\t\t\t\t<div class=\"elementor-widget-container\">\n\t\t\t\r\n\t\t<div class=\"wpr-promo-box wpr-animation-wrap\">\r\n\r\n\t\t\t\t\t\t\t\r\n\t\t\t\t\t\t\t<div class=\"wpr-promo-box-image\">\r\n\t\t\t\t\t<div class=\"wpr-promo-box-bg-image wpr-bg-anim-zoom-in wpr-anim-timing-ease-default\" style=\"background-image:url(http:\/\/preprod.gym-vitalite.fr\/lucas\/wp-content\/plugins\/elementor\/assets\/images\/placeholder.png);\"><\/div>\r\n\t\t\t\t\t<div class=\"wpr-promo-box-bg-overlay wpr-border-anim-oscar\"><\/div>\r\n\t\t\t\t<\/div>\r\n\t\t\t\t\t\t\r\n\t\t\t<div class=\"wpr-promo-box-content\">\r\n\r\n\t\t\t\t\t\t\t\t<div class=\"wpr-promo-box-icon\">\r\n\t\t\t\t\t\t\t\t\t<\/div>\r\n\t\t\t\t\r\n\t\t\t\t<h3 class=\"wpr-promo-box-title\"><span>Ou pratiquer ?<\/span><\/h3>\r\n\t\t\t\t\t\t\t\t\t<div class=\"wpr-promo-box-description\">\r\n\t\t\t\t\t\t<p><p>4 lieux en fonction des pratiques sportives<\/p><\/p>\t\r\n\t\t\t\t\t<\/div>\t\t\t\t\t\t\r\n\t\t\t\t\r\n\t\t\t\t\t\t\t\t\t<div class=\"wpr-promo-box-btn-wrap\">\r\n\t\t\t\t\t\t<a class=\"wpr-promo-box-btn\" href=\"http:\/\/www.gym-vitalite.fr\/?page_id=8\">\r\n\r\n\t\t\t\t\t\t\t\t\t\t\t\t\t\t<span class=\"wpr-promo-box-btn-text\">D\u00e9couvrir<\/span>\t\t\r\n\t\t\t\t\t\t\t\r\n\t\t\t\t\t\t\t\t\t\t\t\t\t\t<span class=\"wpr-promo-box-btn-icon\">\r\n\t\t\t\t\t\t\t\t<i class=\"fas fa-location-arrow\"><\/i>\r\n\t\t\t\t\t\t\t<\/span>\r\n\t\t\t\t\t\t\t\t\t\t\t\t\t<\/a>\r\n\t\t\t\t\t<\/div>\t\r\n\t\t\t\t\t\t\t<\/div>\r\n\r\n\t\t\t\t\t<\/div>\r\n\r\n\t\t\t\t<\/div>\n\t\t\t\t<\/div>\n\t\t\t\t\t<\/div>\n\t\t<\/div>\n\t\t\t\t<div class=\"elementor-column elementor-col-33 elementor-top-column elementor-element elementor-element-f5d5a43\" data-id=\"f5d5a43\" data-element_type=\"column\">\n\t\t\t<div class=\"elementor-widget-wrap elementor-element-populated\">\n\t\t\t\t\t\t\t\t<div class=\"elementor-element elementor-element-fd07d17 wpr-promo-box-style-cover elementor-widget elementor-widget-wpr-promo-box\" data-id=\"fd07d17\" data-element_type=\"widget\" data-widget_type=\"wpr-promo-box.default\">\n\t\t\t\t<div class=\"elementor-widget-container\">\n\t\t\t\r\n\t\t<div class=\"wpr-promo-box wpr-animation-wrap\">\r\n\r\n\t\t\t\t\t\t\t\r\n\t\t\t\t\t\t\t<div class=\"wpr-promo-box-image\">\r\n\t\t\t\t\t<div class=\"wpr-promo-box-bg-image wpr-bg-anim-zoom-in wpr-anim-timing-ease-default\" style=\"background-image:url(http:\/\/preprod.gym-vitalite.fr\/lucas\/wp-content\/plugins\/elementor\/assets\/images\/placeholder.png);\"><\/div>\r\n\t\t\t\t\t<div class=\"wpr-promo-box-bg-overlay wpr-border-anim-oscar\"><\/div>\r\n\t\t\t\t<\/div>\r\n\t\t\t\t\t\t\r\n\t\t\t<div class=\"wpr-promo-box-content\">\r\n\r\n\t\t\t\t\t\t\t\t<div class=\"wpr-promo-box-icon\">\r\n\t\t\t\t\t\t\t\t\t<\/div>\r\n\t\t\t\t\r\n\t\t\t\t<h3 class=\"wpr-promo-box-title\"><span>Quand pratiquer ?<\/span><\/h3>\r\n\t\t\t\t\t\t\t\t\t<div class=\"wpr-promo-box-description\">\r\n\t\t\t\t\t\t<p><p>Du lundi jusqu'au samedi en fonction des pratiques<\/p><\/p>\t\r\n\t\t\t\t\t<\/div>\t\t\t\t\t\t\r\n\t\t\t\t\r\n\t\t\t\t\t\t\t\t\t<div class=\"wpr-promo-box-btn-wrap\">\r\n\t\t\t\t\t\t<a class=\"wpr-promo-box-btn\" href=\"http:\/\/www.gym-vitalite.fr\/?page_id=14\">\r\n\r\n\t\t\t\t\t\t\t\t\t\t\t\t\t\t<span class=\"wpr-promo-box-btn-text\">D\u00e9couvrir les planning<\/span>\t\t\r\n\t\t\t\t\t\t\t\r\n\t\t\t\t\t\t\t\t\t\t\t\t\t\t<span class=\"wpr-promo-box-btn-icon\">\r\n\t\t\t\t\t\t\t\t<i class=\"far fa-calendar-alt\"><\/i>\r\n\t\t\t\t\t\t\t<\/span>\r\n\t\t\t\t\t\t\t\t\t\t\t\t\t<\/a>\r\n\t\t\t\t\t<\/div>\t\r\n\t\t\t\t\t\t\t<\/div>\r\n\r\n\t\t\t\t\t<\/div>\r\n\r\n\t\t\t\t<\/div>\n\t\t\t\t<\/div>\n\t\t\t\t\t<\/div>\n\t\t<\/div>\n\t\t\t\t<div class=\"elementor-column elementor-col-33 elementor-top-column elementor-element elementor-element-3421728\" data-id=\"3421728\" data-element_type=\"column\">\n\t\t\t<div class=\"elementor-widget-wrap elementor-element-populated\">\n\t\t\t\t\t\t\t\t<div class=\"elementor-element elementor-element-4ee37fb wpr-promo-box-style-cover elementor-widget elementor-widget-wpr-promo-box\" data-id=\"4ee37fb\" data-element_type=\"widget\" data-widget_type=\"wpr-promo-box.default\">\n\t\t\t\t<div class=\"elementor-widget-container\">\n\t\t\t\r\n\t\t<div class=\"wpr-promo-box wpr-animation-wrap\">\r\n\r\n\t\t\t\t\t\t\t\r\n\t\t\t\t\t\t\t<div class=\"wpr-promo-box-image\">\r\n\t\t\t\t\t<div class=\"wpr-promo-box-bg-image wpr-bg-anim-zoom-in wpr-anim-timing-ease-default\" style=\"background-image:url(http:\/\/preprod.gym-vitalite.fr\/lucas\/wp-content\/plugins\/elementor\/assets\/images\/placeholder.png);\"><\/div>\r\n\t\t\t\t\t<div class=\"wpr-promo-box-bg-overlay wpr-border-anim-oscar\"><\/div>\r\n\t\t\t\t<\/div>\r\n\t\t\t\t\t\t\r\n\t\t\t<div class=\"wpr-promo-box-content\">\r\n\r\n\t\t\t\t\t\t\t\t<div class=\"wpr-promo-box-icon\">\r\n\t\t\t\t\t\t\t\t\t<\/div>\r\n\t\t\t\t\r\n\t\t\t\t<h3 class=\"wpr-promo-box-title\"><span>Inscriptions &amp; Tarifs<\/span><\/h3>\r\n\t\t\t\t\t\t\t\t\t<div class=\"wpr-promo-box-description\">\r\n\t\t\t\t\t\t<p><p>D\u00e9couvrez nos diff\u00e9rentes formules pour adultes &amp; enfants<\/p><\/p>\t\r\n\t\t\t\t\t<\/div>\t\t\t\t\t\t\r\n\t\t\t\t\r\n\t\t\t\t\t\t\t\t\t<div class=\"wpr-promo-box-btn-wrap\">\r\n\t\t\t\t\t\t<a class=\"wpr-promo-box-btn\" href=\"http:\/\/www.gym-vitalite.fr\/?page_id=17\">\r\n\r\n\t\t\t\t\t\t\t\t\t\t\t\t\t\t<span class=\"wpr-promo-box-btn-text\">D\u00e9couvrir<\/span>\t\t\r\n\t\t\t\t\t\t\t\r\n\t\t\t\t\t\t\t\t\t\t\t\t\t\t<span class=\"wpr-promo-box-btn-icon\">\r\n\t\t\t\t\t\t\t\t<i class=\"fab fa-wpforms\"><\/i>\r\n\t\t\t\t\t\t\t<\/span>\r\n\t\t\t\t\t\t\t\t\t\t\t\t\t<\/a>\r\n\t\t\t\t\t<\/div>\t\r\n\t\t\t\t\t\t\t<\/div>\r\n\r\n\t\t\t\t\t<\/div>\r\n\r\n\t\t\t\t<\/div>\n\t\t\t\t<\/div>\n\t\t\t\t\t<\/div>\n\t\t<\/div>\n\t\t\t\t\t\t\t<\/div>\n\t\t<\/section>\n\t\t\t\t\t\t\t<\/div>\n\t\t","protected":false},"excerpt":{"rendered":"<p>Gym Vitalit\u00e9 D\u00e9couvrez les planning 2022-23 D\u00e9couvrir Pr\u00e9sentation de l&rsquo;association L&rsquo; Association Gym&rsquo;Vitalit\u00e9 du Perreux sur Marne a f\u00eat\u00e9 ses 48 ans. Elle est affili\u00e9e \u00e0 la F\u00e9d\u00e9ration Fran\u00e7aise d&rsquo;Education Physique et de Gymnastique Volontaire. Le bureau est situ\u00e9 au 34 Georges Cl\u00e9menceau &#8211; 94170 Le Perreux Sur Marne &#8211; t\u00e9l\u00e9phone 07 71 71 09&hellip; <a class=\"more-link\" href=\"http:\/\/preprod.gym-vitalite.fr\/lucas\/\">Poursuivre la lecture <span class=\"screen-reader-text\">Homepage<\/span><\/a><\/p>\n","protected":false},"author":1,"featured_media":0,"parent":0,"menu_order":0,"comment_status":"closed","ping_status":"closed","template":"elementor_canvas","meta":{"footnotes":""},"class_list":["post-10","page","type-page","status-publish","hentry","entry"],"_links":{"self":[{"href":"http:\/\/preprod.gym-vitalite.fr\/lucas\/index.php\/wp-json\/wp\/v2\/pages\/10","targetHints":{"allow":["GET"]}}],"collection":[{"href":"http:\/\/preprod.gym-vitalite.fr\/lucas\/index.php\/wp-json\/wp\/v2\/pages"}],"about":[{"href":"http:\/\/preprod.gym-vitalite.fr\/lucas\/index.php\/wp-json\/wp\/v2\/types\/page"}],"author":[{"embeddable":true,"href":"http:\/\/preprod.gym-vitalite.fr\/lucas\/index.php\/wp-json\/wp\/v2\/users\/1"}],"replies":[{"embeddable":true,"href":"http:\/\/preprod.gym-vitalite.fr\/lucas\/index.php\/wp-json\/wp\/v2\/comments?post=10"}],"version-history":[{"count":155,"href":"http:\/\/preprod.gym-vitalite.fr\/lucas\/index.php\/wp-json\/wp\/v2\/pages\/10\/revisions"}],"predecessor-version":[{"id":422,"href":"http:\/\/preprod.gym-vitalite.fr\/lucas\/index.php\/wp-json\/wp\/v2\/pages\/10\/revisions\/422"}],"wp:attachment":[{"href":"http:\/\/preprod.gym-vitalite.fr\/lucas\/index.php\/wp-json\/wp\/v2\/media?parent=10"}],"curies":[{"name":"wp","href":"https:\/\/api.w.org\/{rel}","templated":true}]}}