{"id":32,"date":"2022-08-14T20:23:50","date_gmt":"2022-08-14T18:23:50","guid":{"rendered":"http:\/\/preprod.gym-vitalite.fr\/lucas\/?page_id=32"},"modified":"2022-08-15T12:46:06","modified_gmt":"2022-08-15T10:46:06","slug":"qui-sommes-nous","status":"publish","type":"page","link":"http:\/\/preprod.gym-vitalite.fr\/lucas\/index.php\/qui-sommes-nous\/","title":{"rendered":"Qui Sommes Nous"},"content":{"rendered":"\t\t<div data-elementor-type=\"wp-page\" data-elementor-id=\"32\" class=\"elementor elementor-32\">\n\t\t\t\t\t\t\t\t\t<section class=\"elementor-section elementor-top-section elementor-element elementor-element-5b7faf0 elementor-section-boxed elementor-section-height-default elementor-section-height-default wpr-particle-no wpr-jarallax-no wpr-parallax-no wpr-sticky-section-no\" data-id=\"5b7faf0\" data-element_type=\"section\">\n\t\t\t\t\t\t<div class=\"elementor-container elementor-column-gap-default\">\n\t\t\t\t\t<div class=\"elementor-column elementor-col-100 elementor-top-column elementor-element elementor-element-95ff1fc\" data-id=\"95ff1fc\" data-element_type=\"column\">\n\t\t\t<div class=\"elementor-widget-wrap elementor-element-populated\">\n\t\t\t\t\t\t\t\t<div class=\"elementor-element elementor-element-61c6815 elementor-widget elementor-widget-heading\" data-id=\"61c6815\" data-element_type=\"widget\" data-widget_type=\"heading.default\">\n\t\t\t\t<div class=\"elementor-widget-container\">\n\t\t\t<style>\/*! elementor - v3.7.2 - 21-08-2022 *\/\n.elementor-heading-title{padding:0;margin:0;line-height:1}.elementor-widget-heading .elementor-heading-title[class*=elementor-size-]>a{color:inherit;font-size:inherit;line-height:inherit}.elementor-widget-heading .elementor-heading-title.elementor-size-small{font-size:15px}.elementor-widget-heading .elementor-heading-title.elementor-size-medium{font-size:19px}.elementor-widget-heading .elementor-heading-title.elementor-size-large{font-size:29px}.elementor-widget-heading .elementor-heading-title.elementor-size-xl{font-size:39px}.elementor-widget-heading .elementor-heading-title.elementor-size-xxl{font-size:59px}<\/style><h3 class=\"elementor-heading-title elementor-size-default\">Notre Histoire <\/h3>\t\t<\/div>\n\t\t\t\t<\/div>\n\t\t\t\t\t<\/div>\n\t\t<\/div>\n\t\t\t\t\t\t\t<\/div>\n\t\t<\/section>\n\t\t\t\t<section class=\"elementor-section elementor-top-section elementor-element elementor-element-068be3b elementor-section-boxed elementor-section-height-default elementor-section-height-default wpr-particle-no wpr-jarallax-no wpr-parallax-no wpr-sticky-section-no\" data-id=\"068be3b\" data-element_type=\"section\">\n\t\t\t\t\t\t<div class=\"elementor-container elementor-column-gap-default\">\n\t\t\t\t\t<div class=\"elementor-column elementor-col-100 elementor-top-column elementor-element elementor-element-ea861c3\" data-id=\"ea861c3\" data-element_type=\"column\">\n\t\t\t<div class=\"elementor-widget-wrap elementor-element-populated\">\n\t\t\t\t\t\t\t\t<div class=\"elementor-element elementor-element-c4c3383 elementor-widget elementor-widget-text-editor\" data-id=\"c4c3383\" data-element_type=\"widget\" data-widget_type=\"text-editor.default\">\n\t\t\t\t<div class=\"elementor-widget-container\">\n\t\t\t<style>\/*! elementor - v3.7.2 - 21-08-2022 *\/\n.elementor-widget-text-editor.elementor-drop-cap-view-stacked .elementor-drop-cap{background-color:#818a91;color:#fff}.elementor-widget-text-editor.elementor-drop-cap-view-framed .elementor-drop-cap{color:#818a91;border:3px solid;background-color:transparent}.elementor-widget-text-editor:not(.elementor-drop-cap-view-default) .elementor-drop-cap{margin-top:8px}.elementor-widget-text-editor:not(.elementor-drop-cap-view-default) .elementor-drop-cap-letter{width:1em;height:1em}.elementor-widget-text-editor .elementor-drop-cap{float:left;text-align:center;line-height:1;font-size:50px}.elementor-widget-text-editor .elementor-drop-cap-letter{display:inline-block}<\/style>\t\t\t\t<p>L&rsquo;association Gym&rsquo;Vitalit\u00e9 (anciennement \u00ab\u00a0Gymnastique Volontaire\u00a0\u00bb) est n\u00e9e au Perreux sur Marne de l&rsquo;exp\u00e9rience v\u00e9cue \u00e0 Fontenay sous Bois par deux Perreuxiennes qui se sont dit : \u00ab\u00a0et pourquoi pas cr\u00e9er une section au Perreux ?\u00a0\u00bb<\/p>\n\n&nbsp;\n\n<br><p>Cette gymnastique si \u00e0 l&rsquo;\u00e9coute de son corps les avait s\u00e9duites. leurs d\u00e9marches aupr\u00e8s de la f\u00e9d\u00e9ration (FFEPGV) et la disponibilit\u00e9 de son pr\u00e9sident \u00e0 l&rsquo;\u00e9poque, M. Colette, les ont encourag\u00e9es \u00e0 tenter l&rsquo;aventure. En 1971, elles deviennent autonomes et aprennent \u00e0 g\u00e9rer une association, sans oublier les subventions qui les aident financi\u00e8rement.<\/p>\n\n&nbsp;\n<br>\n<p>A cette \u00e9poque, les nouvelles Perreuxiennes ne travaillent pas syst\u00e9matiquement et arrivaient de divers horizons. Le but \u00e9tait donc de leur offrir des cours de gymnastique de qualit\u00e9, la possibilit\u00e9 de se rencontrer et, si elles le d\u00e9siraient, de nouer des relations amicales. Entre autres, les sorties organis\u00e9es par Andr\u00e9 et Josette SEAUX ont contribu\u00e9 \u00e0 renforcer ces liens.<\/p>\n\n&nbsp;\n<br>\n<p>Comme dans toutes les associations, le travail administratif des b\u00e9n\u00e9voles permet d&rsquo;offrir des cours \u00e0 un prix abordable et tr\u00e8s vite l&rsquo;effectif augmente, 50, 100 et aujourd&rsquo;hui plus de 500 licenci\u00e9s. Des hommes ont rejoint l&rsquo;association, d\u00e9sireux de profiter de la qualit\u00e9 des cours et de l&rsquo;ambiance si agr\u00e9able.<\/p>\n\n&nbsp;\n\n<br><p>Gr\u00e2ce \u00e0 la formation dispens\u00e9e par notre F\u00e9d\u00e9ration, quelques gymnastes sont devenues des animatrices de grande qualit\u00e9.<\/p>\n\n&nbsp;\n<br>\n<p>Pour r\u00e9pondre \u00e0 l&rsquo;\u00e9volution de la soci\u00e9t\u00e9 de nouvelles activit\u00e9s sont propos\u00e9es : natation, marche avec b\u00e2tons, marche active (Acti&rsquo;March), gymnastique douce, gymnastique pour enfants, gymnastique jeunes adultes&#8230;<\/p>\n\n&nbsp;\n<br>\n<p>45 ans, cela repr\u00e9sente du travail pour les b\u00e9n\u00e9voles des Comit\u00e9s Directeurs, mais quel enrichissement pour tous ! Les pr\u00e9sidentes se sont succ\u00e9d\u00e9es avec de plus en plus de responsabilit\u00e9s, tout en maintenant le m\u00eame \u00ab\u00a0esprit GV\u00a0\u00bb.<\/p>\n\n&nbsp;\n<br>\n&nbsp;\n<p style=\"font-size:14px\";><i>Tous nos remerciements \u00e0 Paule Lameloise et Rolande Faure qui ont cr\u00e9\u00e9 notre association et nous ont aid\u00e9 \u00e0 l&rsquo;\u00e9laboration de cet article.<p>\t\t\t\t\t\t<\/div>\n\t\t\t\t<\/div>\n\t\t\t\t\t<\/div>\n\t\t<\/div>\n\t\t\t\t\t\t\t<\/div>\n\t\t<\/section>\n\t\t\t\t\t\t\t<\/div>\n\t\t","protected":false},"excerpt":{"rendered":"<p>Notre Histoire L&rsquo;association Gym&rsquo;Vitalit\u00e9 (anciennement \u00ab\u00a0Gymnastique Volontaire\u00a0\u00bb) est n\u00e9e au Perreux sur Marne de l&rsquo;exp\u00e9rience v\u00e9cue \u00e0 Fontenay sous Bois par deux Perreuxiennes qui se sont dit : \u00ab\u00a0et pourquoi pas cr\u00e9er une section au Perreux ?\u00a0\u00bb &nbsp; Cette gymnastique si \u00e0 l&rsquo;\u00e9coute de son corps les avait s\u00e9duites. leurs d\u00e9marches aupr\u00e8s de la f\u00e9d\u00e9ration&hellip; <a class=\"more-link\" href=\"http:\/\/preprod.gym-vitalite.fr\/lucas\/index.php\/qui-sommes-nous\/\">Poursuivre la lecture <span class=\"screen-reader-text\">Qui Sommes Nous<\/span><\/a><\/p>\n","protected":false},"author":1,"featured_media":0,"parent":0,"menu_order":0,"comment_status":"closed","ping_status":"closed","template":"elementor_canvas","meta":{"footnotes":""},"class_list":["post-32","page","type-page","status-publish","hentry","entry"],"_links":{"self":[{"href":"http:\/\/preprod.gym-vitalite.fr\/lucas\/index.php\/wp-json\/wp\/v2\/pages\/32","targetHints":{"allow":["GET"]}}],"collection":[{"href":"http:\/\/preprod.gym-vitalite.fr\/lucas\/index.php\/wp-json\/wp\/v2\/pages"}],"about":[{"href":"http:\/\/preprod.gym-vitalite.fr\/lucas\/index.php\/wp-json\/wp\/v2\/types\/page"}],"author":[{"embeddable":true,"href":"http:\/\/preprod.gym-vitalite.fr\/lucas\/index.php\/wp-json\/wp\/v2\/users\/1"}],"replies":[{"embeddable":true,"href":"http:\/\/preprod.gym-vitalite.fr\/lucas\/index.php\/wp-json\/wp\/v2\/comments?post=32"}],"version-history":[{"count":31,"href":"http:\/\/preprod.gym-vitalite.fr\/lucas\/index.php\/wp-json\/wp\/v2\/pages\/32\/revisions"}],"predecessor-version":[{"id":364,"href":"http:\/\/preprod.gym-vitalite.fr\/lucas\/index.php\/wp-json\/wp\/v2\/pages\/32\/revisions\/364"}],"wp:attachment":[{"href":"http:\/\/preprod.gym-vitalite.fr\/lucas\/index.php\/wp-json\/wp\/v2\/media?parent=32"}],"curies":[{"name":"wp","href":"https:\/\/api.w.org\/{rel}","templated":true}]}}